{"id":10532,"date":"2015-10-24T05:19:22","date_gmt":"2015-10-24T05:19:22","guid":{"rendered":"https:\/\/ceysu.ae\/our-analysis-reports\/"},"modified":"2023-02-05T17:17:46","modified_gmt":"2023-02-05T17:17:46","slug":"%d8%aa%d9%82%d8%a7%d8%b1%d9%8a%d8%b1-%d8%a7%d9%84%d8%aa%d8%ad%d9%84%d9%8a%d9%84-%d9%84%d8%af%d9%8a%d9%86%d8%a7","status":"publish","type":"page","link":"https:\/\/ceysu.ae\/ar\/%d8%aa%d9%82%d8%a7%d8%b1%d9%8a%d8%b1-%d8%a7%d9%84%d8%aa%d8%ad%d9%84%d9%8a%d9%84-%d9%84%d8%af%d9%8a%d9%86%d8%a7\/","title":{"rendered":"\u062a\u0642\u0627\u0631\u064a\u0631 \u0627\u0644\u062a\u062d\u0644\u064a\u0644 \u0644\u062f\u064a\u0646\u0627"},"content":{"rendered":"<p>[vc_row][vc_column][vc_toggle title=&#8221;500 ml Pet Bottle&#8221; style=&#8221;simple&#8221;]<\/p>\n<div class=\"pdf-half\">\n<p><a class=\"absolute-link\" href=\"https:\/\/ceysu.com.tr\/wp-content\/uploads\/2020\/10\/09.09.2020-0.5-litre.pdf\" target=\"_blank\" rel=\"noopener\">https:\/\/ceysu.com.tr\/wp-content\/uploads\/2020\/10\/09.09.2020-0.5-litre.pdf<\/a><img loading=\"lazy\" decoding=\"async\" class=\"analyticspdf\" src=\"https:\/\/ceysu.ae\/wp-content\/uploads\/2022\/12\/pdf-file.png\" alt=\"\" width=\"128\" height=\"128\" \/><\/p>\n<div class=\"report-content\">\n<div class=\"report-title\">T.C Antalya Valili\u011fi \u0130l Sa\u011fl\u0131k M\u00fcd\u00fcrl\u00fc\u011f\u00fc Antalya Halk Sa\u011fl\u0131\u011f\u0131 Laboratuvar\u0131 Analiz Raporu<\/div>\n<div class=\"report-date\">09.09.2020<\/div>\n<div class=\"report-description\">0.5 Lt Su Analizi<\/div>\n<\/div>\n<\/div>\n<div class=\"pdf-half\">\n<p><a class=\"absolute-link\" href=\"https:\/\/ceysu.com.tr\/wp-content\/uploads\/2021\/04\/01.03.2021-rutin-0.5-litre.pdf\" target=\"_blank\" rel=\"noopener\">https:\/\/ceysu.com.tr\/wp-content\/uploads\/2020\/10\/09.09.2020-0.5-litre.pdf<\/a><img loading=\"lazy\" decoding=\"async\" class=\"analyticspdf\" src=\"https:\/\/ceysu.ae\/wp-content\/uploads\/2022\/12\/pdf-file.png\" alt=\"\" width=\"128\" height=\"128\" \/><\/p>\n<div class=\"report-content\">\n<div class=\"report-title\">T.C Antalya Valili\u011fi \u0130l Sa\u011fl\u0131k M\u00fcd\u00fcrl\u00fc\u011f\u00fc Antalya Halk Sa\u011fl\u0131\u011f\u0131 Laboratuvar\u0131 Analiz Raporu<\/div>\n<div class=\"report-date\">01.03.2021<\/div>\n<div class=\"report-description\">0.5 Lt Su Analizi<\/div>\n<\/div>\n<\/div>\n<p>[\/vc_toggle][vc_toggle title=&#8221;1,5 Lt Pet Bottle&#8221; style=&#8221;simple&#8221;]<\/p>\n<div class=\"pdf-half\">\n<p><a class=\"absolute-link\" href=\"https:\/\/ceysu.ae\/wp-content\/uploads\/2023\/02\/15-L-CERTIFICATE-OF-ANALLYSIS.pdf\" target=\"_blank\" rel=\"noopener\">https:\/\/ceysu.ae\/wp-content\/uploads\/2023\/02\/15-L-CERTIFICATE-OF-ANALLYSIS.pdf<\/a><img loading=\"lazy\" decoding=\"async\" class=\"analyticspdf\" src=\"https:\/\/ceysu.ae\/wp-content\/uploads\/2022\/12\/pdf-file.png\" alt=\"\" width=\"128\" height=\"128\" \/><\/p>\n<div class=\"report-content\">\n<div class=\"report-title\">T.C Antalya Valili\u011fi \u0130l Sa\u011fl\u0131k M\u00fcd\u00fcrl\u00fc\u011f\u00fc Antalya Halk Sa\u011fl\u0131\u011f\u0131 Laboratuvar\u0131 Analiz Raporu<\/div>\n<div class=\"report-date\">07.09.2020<\/div>\n<div class=\"report-description\">1.5 Lt Su Analizi<\/div>\n<\/div>\n<\/div>\n<p>[\/vc_toggle][vc_toggle title=&#8221;5 Lt Pet Bottle&#8221; style=&#8221;simple&#8221;]<\/p>\n<div class=\"pdf-half\">\n<p><a class=\"absolute-link\" href=\"https:\/\/ceysu.ae\/wp-content\/uploads\/2023\/02\/5-L-CERTIFICATE-OF-ANALYSIS.pdf\" target=\"_blank\" rel=\"noopener\">https:\/\/ceysu.ae\/wp-content\/uploads\/2023\/02\/5-L-CERTIFICATE-OF-ANALYSIS.pdf<\/a><img loading=\"lazy\" decoding=\"async\" class=\"analyticspdf\" src=\"https:\/\/ceysu.ae\/wp-content\/uploads\/2022\/12\/pdf-file.png\" alt=\"\" width=\"128\" height=\"128\" \/><\/p>\n<div class=\"report-content\">\n<div class=\"report-title\">T.C Antalya Valili\u011fi \u0130l Sa\u011fl\u0131k M\u00fcd\u00fcrl\u00fc\u011f\u00fc Antalya Halk Sa\u011fl\u0131\u011f\u0131 Laboratuvar\u0131 Analiz Raporu<\/div>\n<div class=\"report-date\">08.03.2021<\/div>\n<div class=\"report-description\">5 Lt Su Analizi<\/div>\n<\/div>\n<\/div>\n<p>[\/vc_toggle][vc_toggle title=&#8221;0.5 Lt Pet Bottle&#8221; style=&#8221;simple&#8221;]<\/p>\n<div class=\"pdf-half\">\n<p><a class=\"absolute-link\" href=\"https:\/\/ceysu.ae\/wp-content\/uploads\/2023\/02\/05-L-CERTIFICATE-OF-ANALYSIS.pdf\" target=\"_blank\" rel=\"noopener\">https:\/\/ceysu.ae\/wp-content\/uploads\/2023\/02\/05-L-CERTIFICATE-OF-ANALYSIS.pdf<\/a><img loading=\"lazy\" decoding=\"async\" class=\"analyticspdf\" src=\"https:\/\/ceysu.ae\/wp-content\/uploads\/2022\/12\/pdf-file.png\" alt=\"\" width=\"128\" height=\"128\" \/><\/p>\n<div class=\"report-content\">\n<div class=\"report-title\">T.C Antalya Valili\u011fi \u0130l Sa\u011fl\u0131k M\u00fcd\u00fcrl\u00fc\u011f\u00fc Antalya Halk Sa\u011fl\u0131\u011f\u0131 Laboratuvar\u0131 Analiz Raporu<\/div>\n<div class=\"report-date\">08.03.2021<\/div>\n<div class=\"report-description\">0.5 Lt Su Analizi<\/div>\n<\/div>\n<\/div>\n<p>[\/vc_toggle][vc_toggle title=&#8221;19 Lt Carboy&#8221; style=&#8221;simple&#8221;]<\/p>\n<div class=\"pdf-half\">\n<p><a class=\"absolute-link\" href=\"https:\/\/ceysu.com.tr\/wp-content\/uploads\/2021\/04\/08.02.2021-rutin-19-litre.pdf\" target=\"_blank\" rel=\"noopener\">https:\/\/ceysu.com.tr\/wp-content\/uploads\/2020\/10\/09.09.2020-0.5-litre.pdf<\/a><img loading=\"lazy\" decoding=\"async\" class=\"analyticspdf\" src=\"https:\/\/ceysu.ae\/wp-content\/uploads\/2022\/12\/pdf-file.png\" alt=\"\" width=\"128\" height=\"128\" \/><\/p>\n<div class=\"report-content\">\n<div class=\"report-title\">T.C Antalya Valili\u011fi \u0130l Sa\u011fl\u0131k M\u00fcd\u00fcrl\u00fc\u011f\u00fc Antalya Halk Sa\u011fl\u0131\u011f\u0131 Laboratuvar\u0131 Analiz Raporu<\/div>\n<div class=\"report-date\">08.02.2021<\/div>\n<div class=\"report-description\">19 Lt Su Analizi<\/div>\n<\/div>\n<\/div>\n<p>[\/vc_toggle][\/vc_column][\/vc_row]<\/p>\n","protected":false},"excerpt":{"rendered":"<p>[vc_row][vc_column][vc_toggle title=&#8221;500 ml Pet Bottle&#8221; style=&#8221;simple&#8221;] https:\/\/ceysu.com.tr\/wp-content\/uploads\/2020\/10\/09.09.2020-0.5-litre.pdf T.C Antalya Valili\u011fi \u0130l Sa\u011fl\u0131k M\u00fcd\u00fcrl\u00fc\u011f\u00fc Antalya Halk Sa\u011fl\u0131\u011f\u0131 Laboratuvar\u0131 Analiz Raporu 09.09.2020 0.5 Lt Su Analizi https:\/\/ceysu.com.tr\/wp-content\/uploads\/2020\/10\/09.09.2020-0.5-litre.pdf T.C Antalya Valili\u011fi \u0130l Sa\u011fl\u0131k&#8230;<\/p>\n","protected":false},"author":1,"featured_media":0,"parent":0,"menu_order":0,"comment_status":"closed","ping_status":"closed","template":"","meta":{"_acf_changed":false,"footnotes":""},"class_list":["post-10532","page","type-page","status-publish","hentry"],"acf":[],"_links":{"self":[{"href":"https:\/\/ceysu.ae\/ar\/wp-json\/wp\/v2\/pages\/10532","targetHints":{"allow":["GET"]}}],"collection":[{"href":"https:\/\/ceysu.ae\/ar\/wp-json\/wp\/v2\/pages"}],"about":[{"href":"https:\/\/ceysu.ae\/ar\/wp-json\/wp\/v2\/types\/page"}],"author":[{"embeddable":true,"href":"https:\/\/ceysu.ae\/ar\/wp-json\/wp\/v2\/users\/1"}],"replies":[{"embeddable":true,"href":"https:\/\/ceysu.ae\/ar\/wp-json\/wp\/v2\/comments?post=10532"}],"version-history":[{"count":8,"href":"https:\/\/ceysu.ae\/ar\/wp-json\/wp\/v2\/pages\/10532\/revisions"}],"predecessor-version":[{"id":10675,"href":"https:\/\/ceysu.ae\/ar\/wp-json\/wp\/v2\/pages\/10532\/revisions\/10675"}],"wp:attachment":[{"href":"https:\/\/ceysu.ae\/ar\/wp-json\/wp\/v2\/media?parent=10532"}],"curies":[{"name":"wp","href":"https:\/\/api.w.org\/{rel}","templated":true}]}}